{"id":1790,"date":"2022-06-16T16:57:50","date_gmt":"2022-06-16T16:57:50","guid":{"rendered":"https:\/\/ferti-lab.local\/a-propos-de-nous\/"},"modified":"2025-08-15T00:34:43","modified_gmt":"2025-08-15T00:34:43","slug":"a-propos-de-nous","status":"publish","type":"page","link":"https:\/\/ferti-lab.ca\/fr\/a-propos-de-nous\/","title":{"rendered":"\u00c0 propos"},"content":{"rendered":"\t\t<div data-elementor-type=\"wp-page\" data-elementor-id=\"1790\" class=\"elementor elementor-1790\" data-elementor-post-type=\"page\">\n\t\t\t\t\t\t<section class=\"elementor-section elementor-top-section elementor-element elementor-element-7fd6d804 elementor-section-boxed elementor-section-height-default elementor-section-height-default\" data-id=\"7fd6d804\" data-element_type=\"section\" data-e-type=\"section\">\r\n\t\t\t\t\t\t<div class=\"elementor-container elementor-column-gap-thegem\"><div class=\"elementor-row\">\r\n\t\t\t\t\t<div class=\"elementor-column elementor-col-50 elementor-top-column elementor-element elementor-element-91a586e\" data-id=\"91a586e\" data-element_type=\"column\" data-e-type=\"column\">\n\t\t\t<div class=\"elementor-widget-wrap elementor-element-populated\">\n\t\t\t\t\t\t<div class=\"elementor-element elementor-element-0ccf105 flex-horizontal-align-default flex-horizontal-align-tablet-default flex-horizontal-align-mobile-default flex-vertical-align-default flex-vertical-align-tablet-default flex-vertical-align-mobile-default elementor-widget elementor-widget-heading\" data-id=\"0ccf105\" data-element_type=\"widget\" data-e-type=\"widget\" data-widget_type=\"heading.default\">\n\t\t\t\t<div class=\"elementor-widget-container\">\n\t\t\t\t\t<div class=\"title-h4 elementor-heading-title elementor-size-default\">ferti-lab<\/div>\t\t\t\t<\/div>\n\t\t\t\t<\/div>\n\t\t\t\t<div class=\"elementor-element elementor-element-73d4bb1 flex-horizontal-align-default flex-horizontal-align-tablet-default flex-horizontal-align-mobile-default flex-vertical-align-default flex-vertical-align-tablet-default flex-vertical-align-mobile-default elementor-widget elementor-widget-text-editor\" data-id=\"73d4bb1\" data-element_type=\"widget\" data-e-type=\"widget\" data-widget_type=\"text-editor.default\">\n\t\t\t\t<div class=\"elementor-widget-container\">\n\t\t\t\t\t\t\t\t\t\t\t\t<div class=\"elementor-text-editor elementor-clearfix\">\r\n\t\t\t\t\t\t<h1>Bienvenue<\/h1>\t\t\t\t\t\t\t<\/div>\r\n\t\t\t\t\t\t\t\t\t\t<\/div>\n\t\t\t\t<\/div>\n\t\t\t\t<div class=\"elementor-element elementor-element-23bdd53e flex-horizontal-align-default flex-horizontal-align-tablet-default flex-horizontal-align-mobile-default flex-vertical-align-default flex-vertical-align-tablet-default flex-vertical-align-mobile-default elementor-widget elementor-widget-text-editor\" data-id=\"23bdd53e\" data-element_type=\"widget\" data-e-type=\"widget\" data-widget_type=\"text-editor.default\">\n\t\t\t\t<div class=\"elementor-widget-container\">\n\t\t\t\t\t\t\t\t\t\t\t\t<div class=\"elementor-text-editor elementor-clearfix\">\r\n\t\t\t\t\t\t<p>Les produits Ferti-lab fabriqu\u00e9s au Canada sont propres, sans d\u00e9p\u00f4ts et peuvent \u00eatre utilis\u00e9s dans tous les supports de culture. Vous appr\u00e9cierez travailler avec nos produits qui ne laissent pas de d\u00e9p\u00f4ts dans votre syst\u00e8me d\u2019irrigation et ne bloqueront pas vos syst\u00e8mes d&rsquo;arrosage automatiques.<\/p><p>Ferti-lab est la r\u00e9f\u00e9rence en mati\u00e8re d&rsquo;ingr\u00e9dients de qualit\u00e9 pour vos plantes. La provenance des intrants que nous utilisons garantissent le meilleur rapport qualit\u00e9-prix sur le march\u00e9.<\/p>\t\t\t\t\t\t\t<\/div>\r\n\t\t\t\t\t\t\t\t\t\t<\/div>\n\t\t\t\t<\/div>\n\t\t\t\t<div class=\"elementor-element elementor-element-3ad2d2b elementor-align-left flex-horizontal-align-default flex-horizontal-align-tablet-default flex-horizontal-align-mobile-default flex-vertical-align-default flex-vertical-align-tablet-default flex-vertical-align-mobile-default elementor-widget elementor-widget-button\" data-id=\"3ad2d2b\" data-element_type=\"widget\" data-e-type=\"widget\" data-widget_type=\"button.default\">\n\t\t\t\t<div class=\"elementor-widget-container\">\n\t\t\t\t\t\t\t\t\t<div class=\"elementor-button-wrapper\">\n\t\t\t\t\t<a class=\"elementor-button elementor-button-link elementor-size-sm\" href=\"https:\/\/ferti-lab.ca\/wp-content\/uploads\/2025\/07\/charte-oligo-extra-8sem.xlsx\" target=\"_blank\">\n\t\t\t\t\t\t<span class=\"elementor-button-content-wrapper\">\n\t\t\t\t\t\t<span class=\"elementor-button-icon\">\n\t\t\t\t<i aria-hidden=\"true\" class=\"far fa-calendar-alt\"><\/i>\t\t\t<\/span>\n\t\t\t\t\t\t\t\t\t<span class=\"elementor-button-text\">FEEDCHART - OLIGO EXTRA 8 SEM<\/span>\n\t\t\t\t\t<\/span>\n\t\t\t\t\t<\/a>\n\t\t\t\t<\/div>\n\t\t\t\t\t\t\t\t<\/div>\n\t\t\t\t<\/div>\n\t\t\t\t<div class=\"elementor-element elementor-element-9dec289 elementor-align-left flex-horizontal-align-default flex-horizontal-align-tablet-default flex-horizontal-align-mobile-default flex-vertical-align-default flex-vertical-align-tablet-default flex-vertical-align-mobile-default elementor-widget elementor-widget-button\" data-id=\"9dec289\" data-element_type=\"widget\" data-e-type=\"widget\" data-widget_type=\"button.default\">\n\t\t\t\t<div class=\"elementor-widget-container\">\n\t\t\t\t\t\t\t\t\t<div class=\"elementor-button-wrapper\">\n\t\t\t\t\t<a class=\"elementor-button elementor-button-link elementor-size-sm\" href=\"https:\/\/ferti-lab.ca\/wp-content\/uploads\/2025\/07\/charte-oligo-extra-9sem.xlsx\" target=\"_blank\">\n\t\t\t\t\t\t<span class=\"elementor-button-content-wrapper\">\n\t\t\t\t\t\t<span class=\"elementor-button-icon\">\n\t\t\t\t<i aria-hidden=\"true\" class=\"far fa-calendar-alt\"><\/i>\t\t\t<\/span>\n\t\t\t\t\t\t\t\t\t<span class=\"elementor-button-text\">FEEDCHART - OLIGO EXTRA 9 SEM<\/span>\n\t\t\t\t\t<\/span>\n\t\t\t\t\t<\/a>\n\t\t\t\t<\/div>\n\t\t\t\t\t\t\t\t<\/div>\n\t\t\t\t<\/div>\n\t\t\t\t<div class=\"elementor-element elementor-element-1124a4a elementor-align-left flex-horizontal-align-default flex-horizontal-align-tablet-default flex-horizontal-align-mobile-default flex-vertical-align-default flex-vertical-align-tablet-default flex-vertical-align-mobile-default elementor-widget elementor-widget-button\" data-id=\"1124a4a\" data-element_type=\"widget\" data-e-type=\"widget\" data-widget_type=\"button.default\">\n\t\t\t\t<div class=\"elementor-widget-container\">\n\t\t\t\t\t\t\t\t\t<div class=\"elementor-button-wrapper\">\n\t\t\t\t\t<a class=\"elementor-button elementor-button-link elementor-size-sm\" href=\"https:\/\/ferti-lab.ca\/wp-content\/uploads\/2025\/07\/charte-standard-8sem.xlsx\" target=\"_blank\">\n\t\t\t\t\t\t<span class=\"elementor-button-content-wrapper\">\n\t\t\t\t\t\t<span class=\"elementor-button-icon\">\n\t\t\t\t<i aria-hidden=\"true\" class=\"far fa-calendar-alt\"><\/i>\t\t\t<\/span>\n\t\t\t\t\t\t\t\t\t<span class=\"elementor-button-text\">FEEDCHART - STANDARD 8 SEM<\/span>\n\t\t\t\t\t<\/span>\n\t\t\t\t\t<\/a>\n\t\t\t\t<\/div>\n\t\t\t\t\t\t\t\t<\/div>\n\t\t\t\t<\/div>\n\t\t\t\t<div class=\"elementor-element elementor-element-9f28e37 elementor-align-left flex-horizontal-align-default flex-horizontal-align-tablet-default flex-horizontal-align-mobile-default flex-vertical-align-default flex-vertical-align-tablet-default flex-vertical-align-mobile-default elementor-widget elementor-widget-button\" data-id=\"9f28e37\" data-element_type=\"widget\" data-e-type=\"widget\" data-widget_type=\"button.default\">\n\t\t\t\t<div class=\"elementor-widget-container\">\n\t\t\t\t\t\t\t\t\t<div class=\"elementor-button-wrapper\">\n\t\t\t\t\t<a class=\"elementor-button elementor-button-link elementor-size-sm\" href=\"https:\/\/ferti-lab.ca\/wp-content\/uploads\/2025\/07\/charte-standard-9sem.xlsx\" target=\"_blank\">\n\t\t\t\t\t\t<span class=\"elementor-button-content-wrapper\">\n\t\t\t\t\t\t<span class=\"elementor-button-icon\">\n\t\t\t\t<i aria-hidden=\"true\" class=\"far fa-calendar-alt\"><\/i>\t\t\t<\/span>\n\t\t\t\t\t\t\t\t\t<span class=\"elementor-button-text\">FEEDCHART - STANDARD 9 SEM<\/span>\n\t\t\t\t\t<\/span>\n\t\t\t\t\t<\/a>\n\t\t\t\t<\/div>\n\t\t\t\t\t\t\t\t<\/div>\n\t\t\t\t<\/div>\n\t\t\t\t\t<\/div>\n\t\t<\/div>\n\t\t\t\t<div class=\"elementor-column elementor-col-50 elementor-top-column elementor-element elementor-element-34cb4dcc\" data-id=\"34cb4dcc\" data-element_type=\"column\" data-e-type=\"column\">\n\t\t\t<div class=\"elementor-widget-wrap elementor-element-populated\">\n\t\t\t\t\t\t<div class=\"elementor-element elementor-element-6ffd6d00 elementor-widget-mobile__width-inherit flex-horizontal-align-default flex-horizontal-align-tablet-default flex-horizontal-align-mobile-default flex-vertical-align-default flex-vertical-align-tablet-default flex-vertical-align-mobile-default elementor-widget elementor-widget-thegem-quickfinders\" data-id=\"6ffd6d00\" data-element_type=\"widget\" data-e-type=\"widget\" data-settings=\"{&quot;thegem_elementor_preset&quot;:&quot;grid-basic-left-align&quot;}\" data-widget_type=\"thegem-quickfinders.default\">\n\t\t\t\t<div class=\"elementor-widget-container\">\n\t\t\t\t\t\n<div class=\"quickfinder row inline-row quickfinder-style-grid-basic-left-align\">\n\t\t\t<div class=\"quickfinder-item inline-column col-md-12 col-sm-12 col-xs-12\">\n\n\t\t\t\n\t\t\t\t<div class=\"quickfinder-item-inner icon-top icon-horizontal-left icon-wrapping-inline centered-box button-bottom lazy-loading-item\" data-ll-effect=\"fading\" data-ll-item-delay=\"200\"> \n\n\t\t\t\t\t\t\t\t\t\t\t<div class=\"quickfinder-icon-container\">\n\n\t<div class=\"connector-container\">\n\t\t<span><\/span>\n\t<\/div>\n\n\t<div class=\"gem-qf-icon-image-wrapper\">\n\t\t\t\t\t<div class=\"gem-image\">\n\t\t\t\t<span>\n\t\t\t\t\t<img width=\"300\" height=\"300\" src=\"https:\/\/ferti-lab.ca\/wp-content\/uploads\/2022\/06\/icon-a-b-combo-300x300.png\" class=\"attachment-medium size-medium wp-image-1661\" alt=\"\" srcset=\"https:\/\/ferti-lab.ca\/wp-content\/uploads\/2022\/06\/icon-a-b-combo-300x300.png 300w, https:\/\/ferti-lab.ca\/wp-content\/uploads\/2022\/06\/icon-a-b-combo-160x160.png 160w, https:\/\/ferti-lab.ca\/wp-content\/uploads\/2022\/06\/icon-a-b-combo-180x180.png 180w, https:\/\/ferti-lab.ca\/wp-content\/uploads\/2022\/06\/icon-a-b-combo-416x416.png 416w, https:\/\/ferti-lab.ca\/wp-content\/uploads\/2022\/06\/icon-a-b-combo-150x150.png 150w, https:\/\/ferti-lab.ca\/wp-content\/uploads\/2022\/06\/icon-a-b-combo-256x256.png 256w, https:\/\/ferti-lab.ca\/wp-content\/uploads\/2022\/06\/icon-a-b-combo-100x100.png 100w, https:\/\/ferti-lab.ca\/wp-content\/uploads\/2022\/06\/icon-a-b-combo.png 480w\" sizes=\"(max-width: 300px) 100vw, 300px\" \/>\t\t\t\t<\/span>\n\t\t\t<\/div>\n\n\n\t\t\n\t\t\t<\/div>\n\n\t<div class=\"connector-container\">\n\t\t<span><\/span>\n\t<\/div>\n\n<\/div>\n\n\t\t\t\t\t\n\t\t\t\t\t<div class=\"quickfinder-item-info-wrapper\"> \n\t\t\t\t\t\t<div class=\"quickfinder-item-info\">\n\t\n\t\t<h5 class=\"quickfinder-title title-h5 bold\">\n\t\t\tFerti-lab A &amp; B\t\t<\/h5>\n\t\n\t\n\t\t<div class=\"quickfinder-description gem-text-output\">\n\t\t\t<p>Ferti-lab A et B constituent la base de notre programme de fertilisation. Ce sont les m\u00eames A et B pour la croissance et la floraison, pour vous simplifier la vie.<\/p>\t\t<\/div>\n\t\n\t\t\t\t\t<div class=\"gem-button-container gem-widget-button\">\n\t\t\t<a class=\"item-linked gem-button gem-button-size-tiny gem-button-text-weight-bold gem-button-style-outline\">\n\t\t\t\t<span class=\"gem-inner-wrapper-btn\">\n\t\t\t\t\t\t\t\t\t\t<span class=\"gem-text-button\">\n\t\t\t\t\t\tEn savoir plus\t\t\t\t\t<\/span>\n\t\t\t\t<\/span>\n\t\t\t<\/a>\t\t\t\n\t\t<\/div>\n\t<\/div>\t\t\t\t\t<\/div>\n\n\t\t\t\t\t\t<a href=\"https:\/\/ferti-lab.ca\/fr\/product\/ferti-lab-ab-liquid-fertilizer\/\" target=\"_blank\" rel=\"nofollow\" class=\"quickfinder-item-link\"><\/a>\n\n\t\t\t\t<\/div>\n\n\t\t\t\t\t<\/div>\n\t<\/div>\n\t\t\t\t<\/div>\n\t\t\t\t<\/div>\n\t\t\t\t<div class=\"elementor-element elementor-element-379d5a00 elementor-widget-mobile__width-inherit flex-horizontal-align-default flex-horizontal-align-tablet-default flex-horizontal-align-mobile-default flex-vertical-align-default flex-vertical-align-tablet-default flex-vertical-align-mobile-default elementor-widget elementor-widget-thegem-quickfinders\" data-id=\"379d5a00\" data-element_type=\"widget\" data-e-type=\"widget\" data-settings=\"{&quot;thegem_elementor_preset&quot;:&quot;grid-basic-left-align&quot;}\" data-widget_type=\"thegem-quickfinders.default\">\n\t\t\t\t<div class=\"elementor-widget-container\">\n\t\t\t\t\t\n<div class=\"quickfinder row inline-row quickfinder-style-grid-basic-left-align\">\n\t\t\t<div class=\"quickfinder-item inline-column col-md-12 col-sm-12 col-xs-12\">\n\n\t\t\t\n\t\t\t\t<div class=\"quickfinder-item-inner icon-top icon-horizontal-left icon-wrapping-inline centered-box button-bottom lazy-loading-item\" data-ll-effect=\"fading\" data-ll-item-delay=\"200\"> \n\n\t\t\t\t\t\t\t\t\t\t\t<div class=\"quickfinder-icon-container\">\n\n\t<div class=\"connector-container\">\n\t\t<span><\/span>\n\t<\/div>\n\n\t<div class=\"gem-qf-icon-image-wrapper\">\n\t\t\t\t\t<div class=\"gem-image\">\n\t\t\t\t<span>\n\t\t\t\t\t<img width=\"480\" height=\"480\" src=\"https:\/\/ferti-lab.ca\/wp-content\/uploads\/2022\/06\/icon-pk-1.png\" class=\"attachment-large size-large wp-image-1653\" alt=\"\" srcset=\"https:\/\/ferti-lab.ca\/wp-content\/uploads\/2022\/06\/icon-pk-1.png 480w, https:\/\/ferti-lab.ca\/wp-content\/uploads\/2022\/06\/icon-pk-1-160x160.png 160w, https:\/\/ferti-lab.ca\/wp-content\/uploads\/2022\/06\/icon-pk-1-180x180.png 180w, https:\/\/ferti-lab.ca\/wp-content\/uploads\/2022\/06\/icon-pk-1-416x416.png 416w, https:\/\/ferti-lab.ca\/wp-content\/uploads\/2022\/06\/icon-pk-1-300x300.png 300w, https:\/\/ferti-lab.ca\/wp-content\/uploads\/2022\/06\/icon-pk-1-150x150.png 150w, https:\/\/ferti-lab.ca\/wp-content\/uploads\/2022\/06\/icon-pk-1-256x256.png 256w, https:\/\/ferti-lab.ca\/wp-content\/uploads\/2022\/06\/icon-pk-1-100x100.png 100w\" sizes=\"(max-width: 480px) 100vw, 480px\" \/>\t\t\t\t<\/span>\n\t\t\t<\/div>\n\n\n\t\t\n\t\t\t<\/div>\n\n\t<div class=\"connector-container\">\n\t\t<span><\/span>\n\t<\/div>\n\n<\/div>\n\n\t\t\t\t\t\n\t\t\t\t\t<div class=\"quickfinder-item-info-wrapper\"> \n\t\t\t\t\t\t<div class=\"quickfinder-item-info\">\n\t\n\t\t<h5 class=\"quickfinder-title title-h5 bold\">\n\t\t\tFerti-lab PK\t\t<\/h5>\n\t\n\t\n\t\t<div class=\"quickfinder-description gem-text-output\">\n\t\t\t<p>Ferti-lab PK BLAST est un m\u00e9lange tr\u00e8s concentr\u00e9, essentiel pour vos plantes pendant la p\u00e9riode de floraison intensive. Le potassium et le phosphore de qualit\u00e9 sup\u00e9rieure renforcent \u00e9galement la structure du tronc et des branches, permettant ainsi de produire des fruits lourds et volumineux.<\/p>\t\t<\/div>\n\t\n\t\t\t\t\t<div class=\"gem-button-container gem-widget-button\">\n\t\t\t<a class=\"item-linked gem-button gem-button-size-tiny gem-button-text-weight-bold gem-button-style-outline\">\n\t\t\t\t<span class=\"gem-inner-wrapper-btn\">\n\t\t\t\t\t\t\t\t\t\t<span class=\"gem-text-button\">\n\t\t\t\t\t\tEn savoir plus\t\t\t\t\t<\/span>\n\t\t\t\t<\/span>\n\t\t\t<\/a>\t\t\t\n\t\t<\/div>\n\t<\/div>\t\t\t\t\t<\/div>\n\n\t\t\t\t\t\t<a href=\"https:\/\/ferti-lab.ca\/fr\/product\/ferti-lab-pk-blast\/\" target=\"_blank\" rel=\"nofollow\" class=\"quickfinder-item-link\"><\/a>\n\n\t\t\t\t<\/div>\n\n\t\t\t\t\t<\/div>\n\t<\/div>\n\t\t\t\t<\/div>\n\t\t\t\t<\/div>\n\t\t\t\t\t<\/div>\n\t\t<\/div>\n\t\t\t\t\t<\/div><\/div>\r\n\t\t<\/section>\r\n\t\t\t\t<\/div>\n\t\t","protected":false},"excerpt":{"rendered":"<p>ferti-lab Bienvenue Les produits Ferti-lab fabriqu\u00e9s au Canada sont propres, sans d\u00e9p\u00f4ts et peuvent \u00eatre utilis\u00e9s dans tous les supports&#8230;<\/p>\n","protected":false},"author":6,"featured_media":0,"parent":0,"menu_order":0,"comment_status":"closed","ping_status":"closed","template":"elementor_header_footer","meta":{"footnotes":""},"class_list":["post-1790","page","type-page","status-publish"],"aioseo_notices":[],"_links":{"self":[{"href":"https:\/\/ferti-lab.ca\/fr\/wp-json\/wp\/v2\/pages\/1790","targetHints":{"allow":["GET"]}}],"collection":[{"href":"https:\/\/ferti-lab.ca\/fr\/wp-json\/wp\/v2\/pages"}],"about":[{"href":"https:\/\/ferti-lab.ca\/fr\/wp-json\/wp\/v2\/types\/page"}],"author":[{"embeddable":true,"href":"https:\/\/ferti-lab.ca\/fr\/wp-json\/wp\/v2\/users\/6"}],"replies":[{"embeddable":true,"href":"https:\/\/ferti-lab.ca\/fr\/wp-json\/wp\/v2\/comments?post=1790"}],"version-history":[{"count":0,"href":"https:\/\/ferti-lab.ca\/fr\/wp-json\/wp\/v2\/pages\/1790\/revisions"}],"wp:attachment":[{"href":"https:\/\/ferti-lab.ca\/fr\/wp-json\/wp\/v2\/media?parent=1790"}],"curies":[{"name":"wp","href":"https:\/\/api.w.org\/{rel}","templated":true}]}}