{"id":15067,"date":"2022-06-07T16:59:34","date_gmt":"2022-06-07T16:59:34","guid":{"rendered":"https:\/\/ferti-lab.local\/?post_type=product&#038;p=15067"},"modified":"2025-08-15T00:23:29","modified_gmt":"2025-08-15T00:23:29","slug":"engrais-liquide-ferti-lab-ab","status":"publish","type":"product","link":"https:\/\/ferti-lab.ca\/fr\/product\/engrais-liquide-ferti-lab-ab\/","title":{"rendered":"Engrais liquide Ferti-Lab A&#038;B"},"content":{"rendered":"\t\t<div data-elementor-type=\"product-post\" data-elementor-id=\"15067\" class=\"elementor elementor-15067\" data-elementor-post-type=\"product\">\n\t\t\t\t\t\t<section class=\"elementor-section elementor-top-section elementor-element elementor-element-4bbe0c56 elementor-section-boxed elementor-section-height-default elementor-section-height-default\" data-id=\"4bbe0c56\" data-element_type=\"section\" data-e-type=\"section\">\r\n\t\t\t\t\t\t<div class=\"elementor-container elementor-column-gap-thegem\"><div class=\"elementor-row\">\r\n\t\t\t\t\t<div class=\"elementor-column elementor-col-100 elementor-top-column elementor-element elementor-element-7110cacf\" data-id=\"7110cacf\" data-element_type=\"column\" data-e-type=\"column\">\n\t\t\t<div class=\"elementor-widget-wrap elementor-element-populated\">\n\t\t\t\t\t\t<div class=\"elementor-element elementor-element-317d1ae6 flex-horizontal-align-default flex-horizontal-align-tablet-default flex-horizontal-align-mobile-default flex-vertical-align-default flex-vertical-align-tablet-default flex-vertical-align-mobile-default elementor-widget elementor-widget-text-editor\" data-id=\"317d1ae6\" data-element_type=\"widget\" data-e-type=\"widget\" data-widget_type=\"text-editor.default\">\n\t\t\t\t<div class=\"elementor-widget-container\">\n\t\t\t\t\t\t\t\t\t\t\t\t<div class=\"elementor-text-editor elementor-clearfix\">\r\n\t\t\t\t\t\t<h2><span style=\"color: #333333;\">Caract\u00e9ristiques de FERTI-LAB A&amp;B\u00a0<\/span><\/h2><ul><li>Fabriqu\u00e9 au Canada<\/li><li>Fonctionne avec tous types de culture<\/li><li>Ne laisse pas de d\u00e9p\u00f4ts dans la solution d\u2019irrigation<\/li><li>N\u2019obstrue pas les syst\u00e8mes d\u2019arrosage automatique<\/li><\/ul><h3><span style=\"color: #333333;\">FERTI-LAB A Engrais liquide<\/span><\/h3><p><span id=\"output-sentence-box~0\" class=\"output-sentence\" contenteditable=\"true\"><span class=\"MuiBox-root extn-css-avfhld\"><span id=\"output-sentence~0\"><span data-testid=\"output-sentence-0\"><span id=\"output-phrase~0~0\" class=\"extn-css-i3ygs8\"><span class=\"extn-css-0\">Nous\u00a0<\/span><\/span><span id=\"output-phrase~0~1\" class=\"extn-css-i3ygs8\"><span class=\"extn-css-1tmeul0\">employons\u00a0<\/span><\/span><span id=\"output-phrase~0~2\" class=\"extn-css-i3ygs8\"><span class=\"extn-css-0\">les\u00a0<\/span><\/span><span id=\"output-phrase~0~3\" class=\"extn-css-i3ygs8\"><span class=\"extn-css-0\">meilleurs\u00a0<\/span><\/span><span id=\"output-phrase~0~4\" class=\"extn-css-i3ygs8\"><span class=\"extn-css-1tmeul0\">ingr\u00e9dients\u00a0<\/span><\/span><span id=\"output-phrase~0~5\" class=\"extn-css-i3ygs8\"><span class=\"extn-css-1tmeul0\">nutritionnels\u00a0<\/span><\/span><span id=\"output-phrase~0~6\" class=\"extn-css-i3ygs8\"><span class=\"extn-css-0\">sur\u00a0<\/span><\/span><span id=\"output-phrase~0~7\" class=\"extn-css-i3ygs8\"><span class=\"extn-css-0\">le\u00a0<\/span><\/span><span id=\"output-phrase~0~8\" class=\"extn-css-i3ygs8\"><span class=\"extn-css-0\">march\u00e9,\u00a0<\/span><\/span><span id=\"output-phrase~0~9\" class=\"extn-css-i3ygs8\"><span class=\"extn-css-1tmeul0\">y\u00a0<\/span><\/span><span id=\"output-phrase~0~10\" class=\"extn-css-i3ygs8\"><span class=\"extn-css-1tmeul0\">compris\u00a0<\/span><\/span><span id=\"output-phrase~0~11\" class=\"extn-css-i3ygs8\"><span class=\"extn-css-1g9q2al\">du\u00a0<\/span><\/span><span id=\"output-phrase~0~12\" class=\"extn-css-i3ygs8\"><span class=\"extn-css-1g9q2al\">magn\u00e9sium\u00a0<\/span><\/span><span id=\"output-phrase~0~13\" class=\"extn-css-i3ygs8\"><span class=\"extn-css-1g9q2al\">ch\u00e9lat\u00e9\u00a0<\/span><\/span><span id=\"output-phrase~0~14\" class=\"extn-css-i3ygs8\"><span class=\"extn-css-1g9q2al\">et\u00a0<\/span><\/span><span id=\"output-phrase~0~15\" class=\"extn-css-i3ygs8\"><span class=\"extn-css-1g9q2al\">du\u00a0<\/span><\/span><span id=\"output-phrase~0~16\" class=\"extn-css-i3ygs8\"><span class=\"extn-css-1g9q2al\">nitrate\u00a0<\/span><\/span><span id=\"output-phrase~0~17\" class=\"extn-css-i3ygs8\"><span class=\"extn-css-1g9q2al\">de\u00a0<\/span><\/span><span id=\"output-phrase~0~18\" class=\"extn-css-i3ygs8\"><span class=\"extn-css-1g9q2al\">calcium.<\/span><\/span><\/span> <\/span><\/span><\/span><span id=\"output-sentence-box~1\" class=\"output-sentence\" contenteditable=\"true\"><span class=\"MuiBox-root extn-css-avfhld\"><span id=\"output-sentence~1\"><span data-testid=\"output-sentence-1\"><span id=\"output-phrase~1~0\" class=\"extn-css-i3ygs8\"><span class=\"extn-css-0\">Nous\u00a0<\/span><\/span><span id=\"output-phrase~1~1\" class=\"extn-css-i3ygs8\"><span class=\"extn-css-1tmeul0\">employons\u00a0<\/span><\/span><span id=\"output-phrase~1~2\" class=\"extn-css-i3ygs8\"><span class=\"extn-css-0\">la\u00a0<\/span><\/span><span id=\"output-phrase~1~3\" class=\"extn-css-i3ygs8\"><span class=\"extn-css-0\">plus\u00a0<\/span><\/span><span id=\"output-phrase~1~4\" class=\"extn-css-i3ygs8\"><span class=\"extn-css-1tmeul0\">grande\u00a0<\/span><\/span><span id=\"output-phrase~1~5\" class=\"extn-css-i3ygs8\"><span class=\"extn-css-1g9q2al\">concentration\u00a0<\/span><\/span><span id=\"output-phrase~1~6\" class=\"extn-css-i3ygs8\"><span class=\"extn-css-1g9q2al\">de\u00a0<\/span><\/span><span id=\"output-phrase~1~7\" class=\"extn-css-i3ygs8\"><span class=\"extn-css-1g9q2al\">calcium\u00a0<\/span><\/span><span id=\"output-phrase~1~8\" class=\"extn-css-i3ygs8\"><span class=\"extn-css-1g9q2al\">possible,\u00a0<\/span><\/span><span id=\"output-phrase~1~9\" class=\"extn-css-i3ygs8\"><span class=\"extn-css-1tmeul0\">\u00e9tant\u00a0<\/span><\/span><span id=\"output-phrase~1~10\" class=\"extn-css-i3ygs8\"><span class=\"extn-css-1tmeul0\">donn\u00e9\u00a0<\/span><\/span><span id=\"output-phrase~1~11\" class=\"extn-css-i3ygs8\"><span class=\"extn-css-1tmeul0\">que\u00a0<\/span><\/span><span id=\"output-phrase~1~12\" class=\"extn-css-i3ygs8\"><span class=\"extn-css-0\">le\u00a0<\/span><\/span><span id=\"output-phrase~1~13\" class=\"extn-css-i3ygs8\"><span class=\"extn-css-0\">calcium\u00a0<\/span><\/span><span id=\"output-phrase~1~14\" class=\"extn-css-i3ygs8\"><span class=\"extn-css-1tmeul0\">joue\u00a0<\/span><\/span><span id=\"output-phrase~1~15\" class=\"extn-css-i3ygs8\"><span class=\"extn-css-0\">un\u00a0<\/span><\/span><span id=\"output-phrase~1~16\" class=\"extn-css-i3ygs8\"><span class=\"extn-css-0\">r\u00f4le\u00a0<\/span><\/span><span id=\"output-phrase~1~17\" class=\"extn-css-i3ygs8\"><span class=\"extn-css-1tmeul0\">crucial\u00a0<\/span><\/span><span id=\"output-phrase~1~18\" class=\"extn-css-i3ygs8\"><span class=\"extn-css-1tmeul0\">dans\u00a0<\/span><\/span><span id=\"output-phrase~1~19\" class=\"extn-css-i3ygs8\"><span class=\"extn-css-0\">la\u00a0<\/span><\/span><span id=\"output-phrase~1~20\" class=\"extn-css-i3ygs8\"><span class=\"extn-css-10o52y0\">croissance\u00a0<\/span><\/span><span id=\"output-phrase~1~21\" class=\"extn-css-i3ygs8\"><span class=\"extn-css-10o52y0\">de\u00a0<\/span><\/span><span id=\"output-phrase~1~22\" class=\"extn-css-i3ygs8\"><span class=\"extn-css-10o52y0\">vos\u00a0<\/span><\/span><span id=\"output-phrase~1~23\" class=\"extn-css-i3ygs8\"><span class=\"extn-css-0\">plantes.<\/span><\/span><\/span><\/span><\/span><\/span><\/p><p><span id=\"output-phrase~0~0\" class=\"extn-css-i3ygs8\"><span data-testid=\"output-word-0-0-0\"><span class=\"extn-css-0\">Pour\u00a0<\/span><\/span><\/span><span id=\"output-phrase~0~1\" class=\"extn-css-i3ygs8\"><span data-testid=\"output-word-1-0-0\"><span class=\"extn-css-1tmeul0\">favoriser\u00a0<\/span><\/span><\/span><span id=\"output-phrase~0~2\" class=\"extn-css-i3ygs8\"><span data-testid=\"output-word-2-0-0\"><span class=\"extn-css-0\">le\u00a0<\/span><\/span><\/span><span id=\"output-phrase~0~3\" class=\"extn-css-i3ygs8\"><span data-testid=\"output-word-3-0-0\"><span class=\"extn-css-1tmeul0\">d\u00e9veloppement\u00a0<\/span><\/span><\/span><span id=\"output-phrase~0~4\" class=\"extn-css-i3ygs8\"><span data-testid=\"output-word-4-0-0\"><span class=\"extn-css-0\">de\u00a0<\/span><\/span><\/span><span id=\"output-phrase~0~5\" class=\"extn-css-i3ygs8\"><span data-testid=\"output-word-5-0-0\"><span class=\"extn-css-1tmeul0\">jeunes\u00a0<\/span><\/span><\/span><span id=\"output-phrase~0~6\" class=\"extn-css-i3ygs8\"><span data-testid=\"output-word-6-0-0\"><span class=\"extn-css-0\">pousses\u00a0<\/span><\/span><\/span><span id=\"output-phrase~0~7\" class=\"extn-css-i3ygs8\"><span data-testid=\"output-word-7-0-0\"><span class=\"extn-css-1tmeul0\">robustes,\u00a0<\/span><\/span><\/span><span id=\"output-phrase~0~8\" class=\"extn-css-i3ygs8\"><span data-testid=\"output-word-8-0-0\"><span class=\"extn-css-0\">de\u00a0<\/span><\/span><\/span><span id=\"output-phrase~0~9\" class=\"extn-css-i3ygs8\"><span data-testid=\"output-word-9-0-0\"><span class=\"extn-css-0\">parois\u00a0<\/span><\/span><\/span><span id=\"output-phrase~0~10\" class=\"extn-css-i3ygs8\"><span data-testid=\"output-word-10-0-0\"><span class=\"extn-css-0\">cellulaires\u00a0<\/span><\/span><\/span><span id=\"output-phrase~0~11\" class=\"extn-css-i3ygs8\"><span data-testid=\"output-word-11-0-0\"><span class=\"extn-css-1tmeul0\">au\u00a0<\/span><\/span><\/span><span id=\"output-phrase~0~12\" class=\"extn-css-i3ygs8\"><span data-testid=\"output-word-12-0-0\"><span class=\"extn-css-1tmeul0\">niveau d<\/span><\/span><\/span><span id=\"output-phrase~0~13\" class=\"extn-css-i3ygs8\"><span data-testid=\"output-word-13-0-0\"><span class=\"extn-css-10o52y0\">es\u00a0<\/span><\/span><\/span><span id=\"output-phrase~0~14\" class=\"extn-css-i3ygs8\"><span data-testid=\"output-word-14-0-0\"><span class=\"extn-css-10o52y0\">racines\u00a0<\/span><\/span><\/span><span id=\"output-phrase~0~15\" class=\"extn-css-i3ygs8\"><span data-testid=\"output-word-15-0-0\"><span class=\"extn-css-10o52y0\">et\u00a0<\/span><\/span><\/span><span id=\"output-phrase~0~16\" class=\"extn-css-i3ygs8\"><span data-testid=\"output-word-16-0-0\"><span class=\"extn-css-10o52y0\">de\u00a0<\/span><\/span><\/span><span id=\"output-phrase~0~17\" class=\"extn-css-i3ygs8\"><span data-testid=\"output-word-17-0-0\"><span class=\"extn-css-h5d7i9\">feuillage\u00a0<\/span><\/span><\/span><span id=\"output-phrase~0~18\" class=\"extn-css-i3ygs8\"><span data-testid=\"output-word-18-0-0\"><span class=\"extn-css-h5d7i9\">vigoureux,\u00a0<\/span><\/span><\/span><span id=\"output-phrase~0~19\" class=\"extn-css-i3ygs8\"><span data-testid=\"output-word-19-0-0\"><span class=\"extn-css-10o52y0\">FERTI-LAB A propose les proportions nutritives pr\u00e9cises n\u00e9cessaires pour appuyer la photosynth\u00e8se, l&rsquo;activit\u00e9 chlorophyllienne et l&rsquo;assimilation <span id=\"output-phrase~0~35\" class=\"extn-css-i3ygs8\"><span class=\"extn-css-1tmeul0\">d&rsquo;acides\u00a0<\/span><\/span><span id=\"output-phrase~0~36\" class=\"extn-css-i3ygs8\"><span class=\"extn-css-0\">amin\u00e9s.<\/span><\/span><\/span><\/span><\/span><\/p><h3><span style=\"color: #333333;\">FERTI-LAB B Engrais LIQUIDE\u00a0<\/span><\/h3><p>Le phosphore joue un r\u00f4le crucial dans le d\u00e9veloppement des racines, l&rsquo;absorption du CO2 et le processus m\u00e9tabolique de la photosynth\u00e8se du carbone. Le potassium participe \u00e0 l&rsquo;accroissement de la densit\u00e9 des fleurs, au renforcement du syst\u00e8me de d\u00e9fense des plantes, \u00e0 leur protection face \u00e0 la s\u00e9cheresse et \u00e0 l&rsquo;\u00e9quilibre du m\u00e9tabolisme de l&rsquo;azote et de la synth\u00e8se des prot\u00e9ines.<\/p><p><span id=\"output-sentence-box~0\" class=\"output-sentence\" contenteditable=\"true\"><span class=\"MuiBox-root extn-css-avfhld\"><span id=\"output-sentence~0\"><span data-testid=\"output-sentence-0\"><span id=\"output-phrase~0~0\" class=\"extn-css-i3ygs8\"><span class=\"extn-css-0\">On\u00a0<\/span><\/span><span id=\"output-phrase~0~1\" class=\"extn-css-i3ygs8\"><span class=\"extn-css-1tmeul0\">reconna\u00eet\u00a0<\/span><\/span><span id=\"output-phrase~0~2\" class=\"extn-css-i3ygs8\"><span class=\"extn-css-0\">d\u00e9sormais\u00a0<\/span><\/span><span id=\"output-phrase~0~3\" class=\"extn-css-i3ygs8\"><span class=\"extn-css-0\">que\u00a0<\/span><\/span><span id=\"output-phrase~0~4\" class=\"extn-css-i3ygs8\"><span class=\"extn-css-0\">le\u00a0<\/span><\/span><span id=\"output-phrase~0~5\" class=\"extn-css-i3ygs8\"><span class=\"extn-css-0\">soufre\u00a0<\/span><\/span><span id=\"output-phrase~0~6\" class=\"extn-css-i3ygs8\"><span class=\"extn-css-0\">est\u00a0<\/span><\/span><span id=\"output-phrase~0~7\" class=\"extn-css-i3ygs8\"><span class=\"extn-css-0\">un\u00a0<\/span><\/span><span id=\"output-phrase~0~8\" class=\"extn-css-i3ygs8\"><span class=\"extn-css-1tmeul0\">composant\u00a0<\/span><\/span><span id=\"output-phrase~0~9\" class=\"extn-css-i3ygs8\"><span class=\"extn-css-1tmeul0\">crucial\u00a0<\/span><\/span><span id=\"output-phrase~0~10\" class=\"extn-css-i3ygs8\"><span class=\"extn-css-1g9q2al\">des\u00a0<\/span><\/span><span id=\"output-phrase~0~11\" class=\"extn-css-i3ygs8\"><span class=\"extn-css-1g9q2al\">huiles\u00a0<\/span><\/span><span id=\"output-phrase~0~12\" class=\"extn-css-i3ygs8\"><span class=\"extn-css-1g9q2al\">terp\u00e9niques,\u00a0<\/span><\/span><span id=\"output-phrase~0~13\" class=\"extn-css-i3ygs8\"><span class=\"extn-css-1g9q2al\">en\u00a0<\/span><\/span><span id=\"output-phrase~0~14\" class=\"extn-css-i3ygs8\"><span class=\"extn-css-1g9q2al\">plus\u00a0<\/span><\/span><span id=\"output-phrase~0~15\" class=\"extn-css-i3ygs8\"><span class=\"extn-css-1g9q2al\">de\u00a0<\/span><\/span><span id=\"output-phrase~0~16\" class=\"extn-css-i3ygs8\"><span class=\"extn-css-1tmeul0\">sa\u00a0<\/span><\/span><span id=\"output-phrase~0~17\" class=\"extn-css-i3ygs8\"><span class=\"extn-css-1tmeul0\">fonction\u00a0<\/span><\/span><span id=\"output-phrase~0~18\" class=\"extn-css-i3ygs8\"><span class=\"extn-css-0\">dans\u00a0<\/span><\/span><span id=\"output-phrase~0~19\" class=\"extn-css-i3ygs8\"><span class=\"extn-css-0\">l&rsquo;absorption\u00a0<\/span><\/span><span id=\"output-phrase~0~20\" class=\"extn-css-i3ygs8\"><span class=\"extn-css-0\">du\u00a0<\/span><\/span><span id=\"output-phrase~0~21\" class=\"extn-css-i3ygs8\"><span class=\"extn-css-0\">calcium\u00a0<\/span><\/span><span id=\"output-phrase~0~22\" class=\"extn-css-i3ygs8\"><span class=\"extn-css-0\">et\u00a0<\/span><\/span><span id=\"output-phrase~0~23\" class=\"extn-css-i3ygs8\"><span class=\"extn-css-0\">la\u00a0<\/span><\/span><span id=\"output-phrase~0~24\" class=\"extn-css-i3ygs8\"><span class=\"extn-css-1tmeul0\">cr\u00e9ation\u00a0<\/span><\/span><span id=\"output-phrase~0~25\" class=\"extn-css-i3ygs8\"><span class=\"extn-css-0\">de\u00a0<\/span><\/span><span id=\"output-phrase~0~26\" class=\"extn-css-i3ygs8\"><span class=\"extn-css-0\">chlorophylle.<\/span><\/span><\/span> <\/span><\/span><\/span><span id=\"output-sentence-box~1\" class=\"output-sentence\" contenteditable=\"true\"><span class=\"MuiBox-root extn-css-avfhld\"><span id=\"output-sentence~1\"><span data-testid=\"output-sentence-1\"><span id=\"output-phrase~1~0\" class=\"extn-css-i3ygs8\"><span class=\"extn-css-0\">Les\u00a0<\/span><\/span><span id=\"output-phrase~1~1\" class=\"extn-css-i3ygs8\"><span class=\"extn-css-0\">oligo-\u00e9l\u00e9ments\u00a0<\/span><\/span><span id=\"output-phrase~1~2\" class=\"extn-css-i3ygs8\"><span class=\"extn-css-1tmeul0\">tels\u00a0<\/span><\/span><span id=\"output-phrase~1~3\" class=\"extn-css-i3ygs8\"><span class=\"extn-css-1tmeul0\">que\u00a0<\/span><\/span><span id=\"output-phrase~1~4\" class=\"extn-css-i3ygs8\"><span class=\"extn-css-0\">le\u00a0<\/span><\/span><span id=\"output-phrase~1~5\" class=\"extn-css-i3ygs8\"><span class=\"extn-css-0\">bore,\u00a0<\/span><\/span><span id=\"output-phrase~1~6\" class=\"extn-css-i3ygs8\"><span class=\"extn-css-0\">le\u00a0<\/span><\/span><span id=\"output-phrase~1~7\" class=\"extn-css-i3ygs8\"><span class=\"extn-css-0\">mangan\u00e8se,\u00a0<\/span><\/span><span id=\"output-phrase~1~8\" class=\"extn-css-i3ygs8\"><span class=\"extn-css-0\">le\u00a0<\/span><\/span><span id=\"output-phrase~1~9\" class=\"extn-css-i3ygs8\"><span class=\"extn-css-0\">fer\u00a0<\/span><\/span><span id=\"output-phrase~1~10\" class=\"extn-css-i3ygs8\"><span class=\"extn-css-0\">et\u00a0<\/span><\/span><span id=\"output-phrase~1~11\" class=\"extn-css-i3ygs8\"><span class=\"extn-css-0\">le\u00a0<\/span><\/span><span id=\"output-phrase~1~12\" class=\"extn-css-i3ygs8\"><span class=\"extn-css-0\">molybd\u00e8ne\u00a0<\/span><\/span><span id=\"output-phrase~1~13\" class=\"extn-css-i3ygs8\"><span class=\"extn-css-1tmeul0\">jouent\u00a0<\/span><\/span><span id=\"output-phrase~1~14\" class=\"extn-css-i3ygs8\"><span class=\"extn-css-1tmeul0\">un\u00a0<\/span><\/span><span id=\"output-phrase~1~15\" class=\"extn-css-i3ygs8\"><span class=\"extn-css-1tmeul0\">r\u00f4le\u00a0<\/span><\/span><span id=\"output-phrase~1~16\" class=\"extn-css-i3ygs8\"><span class=\"extn-css-1tmeul0\">crucial\u00a0<\/span><\/span><span id=\"output-phrase~1~17\" class=\"extn-css-i3ygs8\"><span class=\"extn-css-1tmeul0\">dans\u00a0<\/span><\/span><span id=\"output-phrase~1~18\" class=\"extn-css-i3ygs8\"><span class=\"extn-css-0\">la\u00a0<\/span><\/span><span id=\"output-phrase~1~19\" class=\"extn-css-i3ygs8\"><span class=\"extn-css-0\">production\u00a0<\/span><\/span><span id=\"output-phrase~1~20\" class=\"extn-css-i3ygs8\"><span class=\"extn-css-0\">de\u00a0<\/span><\/span><span id=\"output-phrase~1~21\" class=\"extn-css-i3ygs8\"><span class=\"extn-css-0\">sucres,\u00a0<\/span><\/span><span id=\"output-phrase~1~22\" class=\"extn-css-i3ygs8\"><span class=\"extn-css-1tmeul0\">indispensables\u00a0<\/span><\/span><span id=\"output-phrase~1~23\" class=\"extn-css-i3ygs8\"><span class=\"extn-css-1tmeul0\">durant\u00a0<\/span><\/span><span id=\"output-phrase~1~24\" class=\"extn-css-i3ygs8\"><span class=\"extn-css-0\">les\u00a0<\/span><\/span><span id=\"output-phrase~1~25\" class=\"extn-css-i3ygs8\"><span class=\"extn-css-1tmeul0\">\u00e9tapes\u00a0<\/span><\/span><span id=\"output-phrase~1~26\" class=\"extn-css-i3ygs8\"><span class=\"extn-css-1g9q2al\">de\u00a0<\/span><\/span><span id=\"output-phrase~1~27\" class=\"extn-css-i3ygs8\"><span class=\"extn-css-1g9q2al\">croissance\u00a0<\/span><\/span><span id=\"output-phrase~1~28\" class=\"extn-css-i3ygs8\"><span class=\"extn-css-1g9q2al\">et\u00a0<\/span><\/span><span id=\"output-phrase~1~29\" class=\"extn-css-i3ygs8\"><span class=\"extn-css-1g9q2al\">de\u00a0<\/span><\/span><span id=\"output-phrase~1~30\" class=\"extn-css-i3ygs8\"><span class=\"extn-css-1g9q2al\">floraison.<\/span><\/span><\/span><\/span><\/span><\/span><\/p><p>Pour des informations plus d\u00e9taill\u00e9es sur l&rsquo;alimentation, consultez notre simple tableau d&rsquo;alimentation <a href=\"https:\/\/ferti-lab.ca\/fr\/\"><strong>FEEDCHART<\/strong><\/a>.\u00a0<\/p><p>Demandez un devis pour l&rsquo;engrais liquide Ferti-lab A&amp;B ou tout autre produit<a title=\"Contactez-nous\" href=\"https:\/\/ferti-lab.ca\/fr\/contactez-nous\/\"> ici.<\/a><\/p>\t\t\t\t\t\t\t<\/div>\r\n\t\t\t\t\t\t\t\t\t\t<\/div>\n\t\t\t\t<\/div>\n\t\t\t\t\t<\/div>\n\t\t<\/div>\n\t\t\t\t\t<\/div><\/div>\r\n\t\t<\/section>\r\n\t\t\t\t<\/div>\n\t\t","protected":false},"excerpt":{"rendered":"<p>Les fertilisants liquides FERTI-LAB A&#038;B exploitent des composants professionnels \u00e0 spectre complet pour assurer une assimilation maximale des nutriments. Nous utilisons des \u00e9l\u00e9ments cruciaux de qualit\u00e9 professionnelle pour garantir une disponibilit\u00e9 optimale des nutriments : le phosphore, le potassium, le soufre et les micro-nutriments.<\/p>\n","protected":false},"featured_media":14630,"comment_status":"closed","ping_status":"closed","template":"","meta":[],"product_brand":[],"product_cat":[158],"product_tag":[],"class_list":{"0":"post-15067","1":"product","2":"type-product","3":"status-publish","4":"has-post-thumbnail","6":"product_cat-engrais-nutritif-de-base","8":"first","9":"instock","10":"taxable","11":"shipping-taxable","12":"purchasable","13":"product-type-variable","14":"has-default-attributes"},"aioseo_notices":[],"_links":{"self":[{"href":"https:\/\/ferti-lab.ca\/fr\/wp-json\/wp\/v2\/product\/15067","targetHints":{"allow":["GET"]}}],"collection":[{"href":"https:\/\/ferti-lab.ca\/fr\/wp-json\/wp\/v2\/product"}],"about":[{"href":"https:\/\/ferti-lab.ca\/fr\/wp-json\/wp\/v2\/types\/product"}],"replies":[{"embeddable":true,"href":"https:\/\/ferti-lab.ca\/fr\/wp-json\/wp\/v2\/comments?post=15067"}],"version-history":[{"count":0,"href":"https:\/\/ferti-lab.ca\/fr\/wp-json\/wp\/v2\/product\/15067\/revisions"}],"wp:featuredmedia":[{"embeddable":true,"href":"https:\/\/ferti-lab.ca\/fr\/wp-json\/wp\/v2\/media\/14630"}],"wp:attachment":[{"href":"https:\/\/ferti-lab.ca\/fr\/wp-json\/wp\/v2\/media?parent=15067"}],"wp:term":[{"taxonomy":"product_brand","embeddable":true,"href":"https:\/\/ferti-lab.ca\/fr\/wp-json\/wp\/v2\/product_brand?post=15067"},{"taxonomy":"product_cat","embeddable":true,"href":"https:\/\/ferti-lab.ca\/fr\/wp-json\/wp\/v2\/product_cat?post=15067"},{"taxonomy":"product_tag","embeddable":true,"href":"https:\/\/ferti-lab.ca\/fr\/wp-json\/wp\/v2\/product_tag?post=15067"}],"curies":[{"name":"wp","href":"https:\/\/api.w.org\/{rel}","templated":true}]}}