{"id":15088,"date":"2022-06-07T18:05:20","date_gmt":"2022-06-07T18:05:20","guid":{"rendered":"https:\/\/ferti-lab.local\/?post_type=product&#038;p=15088"},"modified":"2025-08-15T00:02:22","modified_gmt":"2025-08-15T00:02:22","slug":"ferti-lab-root-it","status":"publish","type":"product","link":"https:\/\/ferti-lab.ca\/fr\/product\/ferti-lab-root-it\/","title":{"rendered":"FERTI-LAB Root-IT"},"content":{"rendered":"\t\t<div data-elementor-type=\"product-post\" data-elementor-id=\"15088\" class=\"elementor elementor-15088\" data-elementor-post-type=\"product\">\n\t\t\t\t\t\t<section class=\"elementor-section elementor-top-section elementor-element elementor-element-7691282a elementor-section-boxed elementor-section-height-default elementor-section-height-default\" data-id=\"7691282a\" data-element_type=\"section\" data-e-type=\"section\">\r\n\t\t\t\t\t\t<div class=\"elementor-container elementor-column-gap-thegem\"><div class=\"elementor-row\">\r\n\t\t\t\t\t<div class=\"elementor-column elementor-col-100 elementor-top-column elementor-element elementor-element-1693b994\" data-id=\"1693b994\" data-element_type=\"column\" data-e-type=\"column\">\n\t\t\t<div class=\"elementor-widget-wrap elementor-element-populated\">\n\t\t\t\t\t\t<div class=\"elementor-element elementor-element-405c8377 flex-horizontal-align-default flex-horizontal-align-tablet-default flex-horizontal-align-mobile-default flex-vertical-align-default flex-vertical-align-tablet-default flex-vertical-align-mobile-default elementor-widget elementor-widget-text-editor\" data-id=\"405c8377\" data-element_type=\"widget\" data-e-type=\"widget\" data-widget_type=\"text-editor.default\">\n\t\t\t\t<div class=\"elementor-widget-container\">\n\t\t\t\t\t\t\t\t\t\t\t\t<div class=\"elementor-text-editor elementor-clearfix\">\r\n\t\t\t\t\t\t<h3>FERTI-LAB root-it (FR)<\/h3><ul><li>Fabriqu\u00e9 au Canada<\/li><\/ul><h3>UTILISATION RECOMMAND\u00c9E:<\/h3><ul><li>Clonage\/bouturage : faire tremper la bouture fra\u00eeche dans une solution pendant 1 minute avec 5 ml pour 10 litres d\u2019eau. R\u00e9p\u00e9ter l\u2019application pour nourrir la bouture.<\/li><li>Transplantation : Arroser votre m\u00e9dium de croissance jusqu\u2019\u00e0 \u00e9coulement sans ajout de fertilisant.<\/li><li>Utiliser 2,5 ml pour 10 litres d\u2019eau.<\/li><li>Milieu de culture en pot : utiliser 3,5 ml pour 10 litres par semaine en phase de floraison et de croissance.<\/li><li>Hydroponie\/culture en eau profonde\/a\u00e9roponie: utiliser 1 ml pour 10 de solution une fois semaine en phase de floraison et de croissance.<\/li><\/ul><p><strong>ENTREPOSAGE<\/strong><\/p><ul><li>Entreposer dans un endroit frais et sec, prot\u00e9g\u00e9 du soleil et du gel.<\/li><\/ul><p><strong>S\u00c9CURIT\u00c9<\/strong><\/p><ul><li>Lors de la manipulation, portez les \u00e9quipements de protections ad\u00e9quats.<\/li><li>Tenir hors de la port\u00e9e des enfants et des animaux.<\/li><li>En cas de contact avec les yeux, rincer abondamment avec de l\u2019eau et consulter un m\u00e9decin.<\/li><li>Ne pas avaler.<\/li><\/ul><p><strong>AVERTISSEMENT<\/strong><\/p><p>Contiens de l\u2019acide indole-3-butyrique (IBA) et de l\u2019acide naphtal\u00e8ne ac\u00e9tique (NAA). Ensemble, ces compos\u00e9s stimule la formation de racines et conserver le d\u00e9veloppement de racines aventures. Root-It active la production de masse racinaire et r\u00e9duit le choc de la transplantation.<\/p><p>Pour en savoir plus sur Ferti-lab et ses produits,\u00a0<a title=\"Contactez-nous\" href=\"https:\/\/ferti-lab.ca\/fr\/contactez-nous\/\">cliquez ici<\/a>.<\/p><p>\u00a0<\/p>\t\t\t\t\t\t\t<\/div>\r\n\t\t\t\t\t\t\t\t\t\t<\/div>\n\t\t\t\t<\/div>\n\t\t\t\t\t<\/div>\n\t\t<\/div>\n\t\t\t\t\t<\/div><\/div>\r\n\t\t<\/section>\r\n\t\t\t\t<\/div>\n\t\t","protected":false},"excerpt":{"rendered":"<p>Le suppl\u00e9ment de qualit\u00e9 FERTI-LAB Root-IT est maintenant disponible.<\/p>\n","protected":false},"featured_media":14662,"comment_status":"closed","ping_status":"closed","template":"","meta":[],"product_brand":[],"product_cat":[156],"product_tag":[],"class_list":{"0":"post-15088","1":"product","2":"type-product","3":"status-publish","4":"has-post-thumbnail","6":"product_cat-additif","8":"first","9":"instock","10":"taxable","11":"shipping-taxable","12":"purchasable","13":"product-type-variable","14":"has-default-attributes"},"aioseo_notices":[],"_links":{"self":[{"href":"https:\/\/ferti-lab.ca\/fr\/wp-json\/wp\/v2\/product\/15088","targetHints":{"allow":["GET"]}}],"collection":[{"href":"https:\/\/ferti-lab.ca\/fr\/wp-json\/wp\/v2\/product"}],"about":[{"href":"https:\/\/ferti-lab.ca\/fr\/wp-json\/wp\/v2\/types\/product"}],"replies":[{"embeddable":true,"href":"https:\/\/ferti-lab.ca\/fr\/wp-json\/wp\/v2\/comments?post=15088"}],"version-history":[{"count":0,"href":"https:\/\/ferti-lab.ca\/fr\/wp-json\/wp\/v2\/product\/15088\/revisions"}],"wp:featuredmedia":[{"embeddable":true,"href":"https:\/\/ferti-lab.ca\/fr\/wp-json\/wp\/v2\/media\/14662"}],"wp:attachment":[{"href":"https:\/\/ferti-lab.ca\/fr\/wp-json\/wp\/v2\/media?parent=15088"}],"wp:term":[{"taxonomy":"product_brand","embeddable":true,"href":"https:\/\/ferti-lab.ca\/fr\/wp-json\/wp\/v2\/product_brand?post=15088"},{"taxonomy":"product_cat","embeddable":true,"href":"https:\/\/ferti-lab.ca\/fr\/wp-json\/wp\/v2\/product_cat?post=15088"},{"taxonomy":"product_tag","embeddable":true,"href":"https:\/\/ferti-lab.ca\/fr\/wp-json\/wp\/v2\/product_tag?post=15088"}],"curies":[{"name":"wp","href":"https:\/\/api.w.org\/{rel}","templated":true}]}}